{"id":938,"date":"2024-02-05T14:29:33","date_gmt":"2024-02-05T13:29:33","guid":{"rendered":"https:\/\/www.gite-vallee-chevreuse.com\/contact-2\/"},"modified":"2024-12-27T10:01:35","modified_gmt":"2024-12-27T09:01:35","slug":"book-bnb-vallee-chevreuse","status":"publish","type":"page","link":"https:\/\/www.gite-vallee-chevreuse.com\/en\/book-bnb-vallee-chevreuse\/","title":{"rendered":"Reservation G\u00eete Vall\u00e9e Chevreuse"},"content":{"rendered":"<p>[et_pb_section fb_built=\"1\u2033 fullwidth=\"on \" admin_label=\"Header \" _builder_version=\"4.16\u2033 custom_padding=\"0px|0|0px|0px|false|false \" locked=\"off \" global_colors_info=\"{} \"][et_pb_fullwidth_header title=\"Booking \" subhead=\"Book live at the best rate \" text_orientation=\"center \" background_overlay_color=\"rgba(0,0,0,0.29) \" content_max_width=\"90% \" admin_label=\"Full screen header \" _builder_version=\"4.16\u2033 title_font=\"Parisienne|700||||||| \" title_text_align=\"center \" title_font_size=\"70px \" title_line_height=\"1.1em \" content_font=\"Raleway|||||||| \" content_font_size=\"18px \" content_line_height=\"2em \" subhead_font=\"Raleway|||||||| \" subhead_text_align=\"center \" subhead_font_size=\"25px \" subhead_line_height=\"2em \" background_color=\"#9d1716\u2033 background_image=\"https:\/\/www.gite-vallee-chevreuse.com\/wp-content\/uploads\/2019\/11\/Lolivier-vers-lexterieur-vue2.jpg \" parallax=\"on \" parallax_method=\"on \" custom_button_one=\"on \" button_one_text_size=\"17px \" button_one_text_color=\"#ffffff \" button_one_bg_color=\"#ff6b5a \" button_one_border_width=\"7px \" button_one_border_color=\"#ff6b5a \" button_one_border_radius=\"100px \" button_one_font=\"Noto Sans|700|||on||||| \" button_one_use_icon=\"off \" custom_margin=\"||| \" custom_padding=\"110px|110px||true \" custom_padding_tablet=\"100px||| \" custom_padding_phone= \" \" custom_padding_last_edited=\"on|phone \" animation_style=\"fade \" animation_direction=\"top \" title_font_size_tablet=\"40px \" title_font_size_phone= \" \" title_font_size_last_edited=\"on|tablet \" subhead_font_size_tablet= \" \" subhead_font_size_phone=\"20px \" subhead_font_size_last_edited=\"on|desktop \" subhead_line_height_tablet= \" \" subhead_line_height_phone=\"1.5em \" subhead_line_height_last_edited=\"on|phone \" button_one_text_color_hover=\"#ffffff\" button_one_border_color_hover=\"#ff9e59\u2033 button_one_border_radius_hover=\"100px \" button_one_bg_color_hover=\"#ff9e59\u2033 global_colors_info=\"{} \" button_one_text_size__hover_enabled=\"off \" button_two_text_size__hover_enabled=\"off \" button_one_text_color__hover_enabled=\"on \" button_one_text_color__hover=\"#ffffff \" button_two_text_color__hover_enabled= \"off \" button_one_border_width__hover_enabled=\"off \" button_two_border_width__hover_enabled=\"off \" button_one_border_color__hover_enabled=\"on \" button_one_border_color__hover=\"#ff9e59\u2033 button_two_border_color__hover_enabled=\"off \" button_one_border_radius__hover_enabled=\"on \" button_one_border_radius__hover= \"100px \" button_two_border_radius__hover_enabled=\"off \" button_one_letter_spacing__hover_enabled=\"off \" button_two_letter_spacing__hover_enabled= \"off \" button_one_bg_color__hover_enabled=\"on \" button_one_bg_color__hover=\"#ff9e59\u2033 button_two_bg_color__hover_enabled=\"off \"][\/et_pb_fullwidth_header][\/et_pb_section][et_pb_section fb_built=\"1\u2033 custom_padding_last_edited=\"on|phone \" admin_label=\"Contact \" _builder_version=\"4.16\u2033 background_color=\"rgba(140,140,140,0) \" custom_padding=\"35px|0px|64px|0px|false|false \" custom_padding_tablet= \" \" custom_padding_phone=\"50px||50px||true \" global_colors_info=\"{} \"][et_pb_row _builder_version=\"4.16\u2033 max_width=\"800px \" use_custom_width=\"on \" custom_width_px=\"800px \" global_colors_info=\"{} \" custom_padding=\"2px||||| \"][et_pb_column type=\"4_4\u2033 _builder_version=\"4.16\u2033 custom_padding=\"||| \" global_colors_info=\"{} \" custom_padding__hover=\"||| \"][et_pb_text _builder_version=\"4.24.0\u2033 _module_preset=\"default \" hover_enabled=\"0\u2033 global_colors_info=\"{} \" sticky_enabled=\"0\u2033]<\/p>\n<h3><strong>For business trips of 1 to 14 people from Monday to Friday, excluding public holidays, or during the summer period: quotation on request by writing to: <a href=\"mailto:gite-vallee-chevreuse@hotmail.com\">gite-vallee-chevreuse@hotmail.com<\/a>\u00a0<\/strong><\/h3>\n<h3><strong>Reduced rates!\u00a0<\/strong><\/h3>\n<p>[\/et_pb_text][et_pb_code _builder_version=\"4.24.0\u2033 _module_preset=\"default \" global_colors_info=\"{} \"][\/et_pb_code][\/et_pb_column][\/et_pb_row][\/et_pb_section][et_pb_section fb_built=\"1\u2033 _builder_version=\"4.16\u2033 use_background_color_gradient=\"on \" background_color_gradient_direction=\"1deg \" background_color_gradient_stops=\"rgba(12,12,12,0.47) 0%|rgba(255,255,255,0.95) 93% \" background_color_gradient_overlays_image=\"on \" background_color_gradient_start=\"rgba(12,12,12,0.47) \" background_color_gradient_end=\"rgba(255,255,255,0.95) \" background_color_gradient_end_position=\"93% \" background_image=\"\/\/i0.wp.com\/gite-vallee-chevreuse.com\/wp-content\/uploads\/2019\/11\/chateau-madeleinepetit.jpg \" custom_padding=\"61px|0px|54px|0px|false|false \" background_color_gradient_stops_tablet=\"rgba(12,12,12,0.47) 0%|rgba(255,255,255,0.95) 93% \" background_color_gradient_stops_phone=\"rgba(12,12,12,0.47) 0%|rgba(255,255,255,0.95) 93% \" global_module=\"374\u2033 saved_tabs=\"all \" global_colors_info=\"{} \"][et_pb_row column_structure=\"1_2,1_2\u2033 _builder_version=\"4.16\u2033 module_alignment=\"center \" custom_margin=\"20px|| \" custom_padding=\"27px|||0px|false|false \" global_colors_info=\"{} \"][et_pb_column type=\"1_2\u2033 _builder_version=\"4.16\u2033 background_color=\"#ffffff \" custom_padding=\"||| \" global_colors_info=\"{} \" custom_padding__hover=\"||| \"][et_pb_image src=\"https:\/\/www.gite-vallee-chevreuse.com\/wp-content\/uploads\/2023\/09\/screenshot-590.jpg \" title_text=\"screenshot 590\u2033 _builder_version=\"4.16\u2033 _module_preset=\"default \" global_colors_info=\"{} \"][\/et_pb_image][et_pb_button button_url=\"https:\/\/www.gite-vallee-chevreuse.com\/reservation-gite-vallee-chevreuse\/ \" button_text=\"Book live at the best rate \" _builder_version=\"4.24.0\u2033 _module_preset=\"default \" custom_margin=\"-20px||||| \" global_colors_info=\"{} \"][\/et_pb_button][et_pb_image src= \"https:\/\/www.gite-vallee-chevreuse.com\/wp-content\/uploads\/2023\/09\/screenshot-591.jpg \" title_text=\"screenshot 591\u2033 _builder_version=\"4.16\u2033 _module_preset=\"default \" background_color=\"RGBA(0,0,0,0) \" custom_margin=\"46px||||false|false \" global_colors_info=\"{} \"][\/et_pb_image][\/et_pb_column][et_pb_column type=\"1_2\u2033 _builder_version=\"4.16\u2033 background_color=\"#ffffff \" custom_padding=\"3%|3%|3%|3% \" global_colors_info=\"{} \" custom_padding__hover=\"|||\"][et_pb_text _builder_version=\"4.16\u2033 custom_margin=\"-11px||-17px \" custom_padding=\"||1px \" global_colors_info=\"{} \"]<\/p>\n<p><img loading=\"lazy\" decoding=\"async\" src=\"https:\/\/www.gite-vallee-chevreuse.com\/wp-content\/uploads\/2019\/11\/logo-header-2.png\" width=\"80\" height=\"70\" alt=\"\" class=\"wp-image-439 alignnone size-full\" \/>\u00a0<\/p>\n<p><b> G\u00eete en vall\u00e9e de Chevreuse - G\u00eete en Ile De France<br \/><\/b><\/p>\n<p><span>C\u00e9line and Camel<\/span><br \/>32 rue de la Porte de Paris<br \/>78460 Chevreuse<br \/><span><strong>Tel<\/strong> <strong>C\u00e9line<\/strong>: <a href=\"tel:0673500604\">06 73 50 06 04<\/a><br \/><strong>Tel Camel: <\/strong><a href=\"tel:0681689476\">06 81 68 94 76<\/a><\/span><\/p>\n<p><span><\/span><\/p>\n<p><a href=\"https:\/\/www.facebook.com\/G%C3%AEte-de-Chevreuse-2167410933489718\"><img loading=\"lazy\" decoding=\"async\" src=\"https:\/\/www.gite-vallee-chevreuse.com\/wp-content\/uploads\/2020\/05\/gite-de-chevreuse-facebook.jpg\" width=\"272\" height=\"107\" alt=\"\" class=\"wp-image-693 alignnone size-full\" srcset=\"https:\/\/www.gite-vallee-chevreuse.com\/wp-content\/uploads\/2020\/05\/gite-de-chevreuse-facebook.jpg 348w, https:\/\/www.gite-vallee-chevreuse.com\/wp-content\/uploads\/2020\/05\/gite-de-chevreuse-facebook-300x118.jpg 300w\" sizes=\"auto, (max-width: 272px) 100vw, 272px\" \/><\/a><span style=\"font-size: 14px;\">\u00a0<\/span><\/p>\n<p>[\/et_pb_text][\/et_pb_column][\/et_pb_row][\/et_pb_section]<\/p>","protected":false},"excerpt":{"rendered":"<p>For business trips of 1 to 14 people from Monday to Friday without public holidays and or summer period: quote on request by writing to: gite-vallee-chevreuse@hotmail.com Reduced rates!   G\u00eete en vall\u00e9e de Chevreuse - G\u00eete en Ile De France C\u00e9line et Camel32 rue de la Porte de Paris78460 ChevreuseTel C\u00e9line: [...]<\/p>","protected":false},"author":1,"featured_media":0,"parent":0,"menu_order":0,"comment_status":"closed","ping_status":"closed","template":"","meta":{"_et_pb_use_builder":"on","_et_pb_old_content":"","_et_gb_content_width":"","footnotes":""},"class_list":["post-938","page","type-page","status-publish","hentry"],"yoast_head":"<!-- This site is optimized with the Yoast SEO plugin v27.5 - https:\/\/yoast.com\/product\/yoast-seo-wordpress\/ -->\n<title>R\u00e9servation G\u00eete Vall\u00e9e Chevreuse - G\u00eete en vall\u00e9e de Chevreuse<\/title>\n<meta name=\"description\" content=\"R\u00e9servation G\u00eete Vall\u00e9e Chevreuse, g\u00eete proche de Paris en Vall\u00e9e de chevreuse, r\u00e9srevation en direct meilleur tarif\" \/>\n<meta name=\"robots\" content=\"index, follow, max-snippet:-1, max-image-preview:large, max-video-preview:-1\" \/>\n<link rel=\"canonical\" href=\"https:\/\/www.gite-vallee-chevreuse.com\/en\/book-bnb-vallee-chevreuse\/\" \/>\n<meta property=\"og:locale\" content=\"en_US\" \/>\n<meta property=\"og:type\" content=\"article\" \/>\n<meta property=\"og:title\" content=\"R\u00e9servation G\u00eete Vall\u00e9e Chevreuse - G\u00eete en vall\u00e9e de Chevreuse\" \/>\n<meta property=\"og:description\" content=\"R\u00e9servation G\u00eete Vall\u00e9e Chevreuse, g\u00eete proche de Paris en Vall\u00e9e de chevreuse, r\u00e9srevation en direct meilleur tarif\" \/>\n<meta property=\"og:url\" content=\"https:\/\/www.gite-vallee-chevreuse.com\/en\/book-bnb-vallee-chevreuse\/\" \/>\n<meta property=\"og:site_name\" content=\"G\u00eete en vall\u00e9e de Chevreuse\" \/>\n<meta property=\"article:modified_time\" content=\"2024-12-27T09:01:35+00:00\" \/>\n<meta property=\"og:image\" content=\"https:\/\/www.gite-vallee-chevreuse.com\/wp-content\/uploads\/2019\/11\/logo-header-2.png\" \/>\n<meta name=\"twitter:card\" content=\"summary_large_image\" \/>\n<meta name=\"twitter:label1\" content=\"Est. reading time\" \/>\n\t<meta name=\"twitter:data1\" content=\"2 minutes\" \/>\n<script type=\"application\/ld+json\" class=\"yoast-schema-graph\">{\"@context\":\"https:\\\/\\\/schema.org\",\"@graph\":[{\"@type\":\"WebPage\",\"@id\":\"https:\\\/\\\/www.gite-vallee-chevreuse.com\\\/reservation-gite-vallee-chevreuse\\\/\",\"url\":\"https:\\\/\\\/www.gite-vallee-chevreuse.com\\\/reservation-gite-vallee-chevreuse\\\/\",\"name\":\"R\u00e9servation G\u00eete Vall\u00e9e Chevreuse - G\u00eete en vall\u00e9e de Chevreuse\",\"isPartOf\":{\"@id\":\"https:\\\/\\\/www.gite-vallee-chevreuse.com\\\/#website\"},\"primaryImageOfPage\":{\"@id\":\"https:\\\/\\\/www.gite-vallee-chevreuse.com\\\/reservation-gite-vallee-chevreuse\\\/#primaryimage\"},\"image\":{\"@id\":\"https:\\\/\\\/www.gite-vallee-chevreuse.com\\\/reservation-gite-vallee-chevreuse\\\/#primaryimage\"},\"thumbnailUrl\":\"https:\\\/\\\/www.gite-vallee-chevreuse.com\\\/wp-content\\\/uploads\\\/2019\\\/11\\\/logo-header-2.png\",\"datePublished\":\"2024-02-05T13:29:33+00:00\",\"dateModified\":\"2024-12-27T09:01:35+00:00\",\"description\":\"R\u00e9servation G\u00eete Vall\u00e9e Chevreuse, g\u00eete proche de Paris en Vall\u00e9e de chevreuse, r\u00e9srevation en direct meilleur tarif\",\"breadcrumb\":{\"@id\":\"https:\\\/\\\/www.gite-vallee-chevreuse.com\\\/reservation-gite-vallee-chevreuse\\\/#breadcrumb\"},\"inLanguage\":\"en-US\",\"potentialAction\":[{\"@type\":\"ReadAction\",\"target\":[\"https:\\\/\\\/www.gite-vallee-chevreuse.com\\\/reservation-gite-vallee-chevreuse\\\/\"]}]},{\"@type\":\"ImageObject\",\"inLanguage\":\"en-US\",\"@id\":\"https:\\\/\\\/www.gite-vallee-chevreuse.com\\\/reservation-gite-vallee-chevreuse\\\/#primaryimage\",\"url\":\"https:\\\/\\\/www.gite-vallee-chevreuse.com\\\/wp-content\\\/uploads\\\/2019\\\/11\\\/logo-header-2.png\",\"contentUrl\":\"https:\\\/\\\/www.gite-vallee-chevreuse.com\\\/wp-content\\\/uploads\\\/2019\\\/11\\\/logo-header-2.png\"},{\"@type\":\"BreadcrumbList\",\"@id\":\"https:\\\/\\\/www.gite-vallee-chevreuse.com\\\/reservation-gite-vallee-chevreuse\\\/#breadcrumb\",\"itemListElement\":[{\"@type\":\"ListItem\",\"position\":1,\"name\":\"Accueil\",\"item\":\"https:\\\/\\\/www.gite-vallee-chevreuse.com\\\/\"},{\"@type\":\"ListItem\",\"position\":2,\"name\":\"R\u00e9servation G\u00eete Vall\u00e9e Chevreuse\"}]},{\"@type\":\"WebSite\",\"@id\":\"https:\\\/\\\/www.gite-vallee-chevreuse.com\\\/#website\",\"url\":\"https:\\\/\\\/www.gite-vallee-chevreuse.com\\\/\",\"name\":\"G\u00eete en vall\u00e9e de Chevreuse\",\"description\":\"Gites chambre d&#039;hote en vall\u00e9e de Chevreuse\",\"publisher\":{\"@id\":\"https:\\\/\\\/www.gite-vallee-chevreuse.com\\\/#organization\"},\"potentialAction\":[{\"@type\":\"SearchAction\",\"target\":{\"@type\":\"EntryPoint\",\"urlTemplate\":\"https:\\\/\\\/www.gite-vallee-chevreuse.com\\\/?s={search_term_string}\"},\"query-input\":{\"@type\":\"PropertyValueSpecification\",\"valueRequired\":true,\"valueName\":\"search_term_string\"}}],\"inLanguage\":\"en-US\"},{\"@type\":\"Organization\",\"@id\":\"https:\\\/\\\/www.gite-vallee-chevreuse.com\\\/#organization\",\"name\":\"G\u00eete en vall\u00e9e de Chevreuse\",\"url\":\"https:\\\/\\\/www.gite-vallee-chevreuse.com\\\/\",\"logo\":{\"@type\":\"ImageObject\",\"inLanguage\":\"en-US\",\"@id\":\"https:\\\/\\\/www.gite-vallee-chevreuse.com\\\/#\\\/schema\\\/logo\\\/image\\\/\",\"url\":\"https:\\\/\\\/www.gite-vallee-chevreuse.com\\\/wp-content\\\/uploads\\\/2019\\\/11\\\/logo-header.webp\",\"contentUrl\":\"https:\\\/\\\/www.gite-vallee-chevreuse.com\\\/wp-content\\\/uploads\\\/2019\\\/11\\\/logo-header.webp\",\"width\":192,\"height\":169,\"caption\":\"G\u00eete en vall\u00e9e de Chevreuse\"},\"image\":{\"@id\":\"https:\\\/\\\/www.gite-vallee-chevreuse.com\\\/#\\\/schema\\\/logo\\\/image\\\/\"}}]}<\/script>\n<!-- \/ Yoast SEO plugin. -->","yoast_head_json":{"title":"Reservation G\u00eete Vall\u00e9e Chevreuse - G\u00eete in Chevreuse Valley","description":"Reservation G\u00eete Vall\u00e9e Chevreuse, g\u00eete near Paris in Vall\u00e9e de chevreuse, direct booking best rate","robots":{"index":"index","follow":"follow","max-snippet":"max-snippet:-1","max-image-preview":"max-image-preview:large","max-video-preview":"max-video-preview:-1"},"canonical":"https:\/\/www.gite-vallee-chevreuse.com\/en\/book-bnb-vallee-chevreuse\/","og_locale":"en_US","og_type":"article","og_title":"R\u00e9servation G\u00eete Vall\u00e9e Chevreuse - G\u00eete en vall\u00e9e de Chevreuse","og_description":"R\u00e9servation G\u00eete Vall\u00e9e Chevreuse, g\u00eete proche de Paris en Vall\u00e9e de chevreuse, r\u00e9srevation en direct meilleur tarif","og_url":"https:\/\/www.gite-vallee-chevreuse.com\/en\/book-bnb-vallee-chevreuse\/","og_site_name":"G\u00eete en vall\u00e9e de Chevreuse","article_modified_time":"2024-12-27T09:01:35+00:00","og_image":[{"url":"https:\/\/www.gite-vallee-chevreuse.com\/wp-content\/uploads\/2019\/11\/logo-header-2.png","type":"","width":"","height":""}],"twitter_card":"summary_large_image","twitter_misc":{"Est. reading time":"2 minutes"},"schema":{"@context":"https:\/\/schema.org","@graph":[{"@type":"WebPage","@id":"https:\/\/www.gite-vallee-chevreuse.com\/reservation-gite-vallee-chevreuse\/","url":"https:\/\/www.gite-vallee-chevreuse.com\/reservation-gite-vallee-chevreuse\/","name":"Reservation G\u00eete Vall\u00e9e Chevreuse - G\u00eete in Chevreuse Valley","isPartOf":{"@id":"https:\/\/www.gite-vallee-chevreuse.com\/#website"},"primaryImageOfPage":{"@id":"https:\/\/www.gite-vallee-chevreuse.com\/reservation-gite-vallee-chevreuse\/#primaryimage"},"image":{"@id":"https:\/\/www.gite-vallee-chevreuse.com\/reservation-gite-vallee-chevreuse\/#primaryimage"},"thumbnailUrl":"https:\/\/www.gite-vallee-chevreuse.com\/wp-content\/uploads\/2019\/11\/logo-header-2.png","datePublished":"2024-02-05T13:29:33+00:00","dateModified":"2024-12-27T09:01:35+00:00","description":"Reservation G\u00eete Vall\u00e9e Chevreuse, g\u00eete near Paris in Vall\u00e9e de chevreuse, direct booking best rate","breadcrumb":{"@id":"https:\/\/www.gite-vallee-chevreuse.com\/reservation-gite-vallee-chevreuse\/#breadcrumb"},"inLanguage":"en-US","potentialAction":[{"@type":"ReadAction","target":["https:\/\/www.gite-vallee-chevreuse.com\/reservation-gite-vallee-chevreuse\/"]}]},{"@type":"ImageObject","inLanguage":"en-US","@id":"https:\/\/www.gite-vallee-chevreuse.com\/reservation-gite-vallee-chevreuse\/#primaryimage","url":"https:\/\/www.gite-vallee-chevreuse.com\/wp-content\/uploads\/2019\/11\/logo-header-2.png","contentUrl":"https:\/\/www.gite-vallee-chevreuse.com\/wp-content\/uploads\/2019\/11\/logo-header-2.png"},{"@type":"BreadcrumbList","@id":"https:\/\/www.gite-vallee-chevreuse.com\/reservation-gite-vallee-chevreuse\/#breadcrumb","itemListElement":[{"@type":"ListItem","position":1,"name":"Accueil","item":"https:\/\/www.gite-vallee-chevreuse.com\/"},{"@type":"ListItem","position":2,"name":"R\u00e9servation G\u00eete Vall\u00e9e Chevreuse"}]},{"@type":"WebSite","@id":"https:\/\/www.gite-vallee-chevreuse.com\/#website","url":"https:\/\/www.gite-vallee-chevreuse.com\/","name":"G\u00eete in the Chevreuse valley","description":"Gites in the Chevreuse Valley","publisher":{"@id":"https:\/\/www.gite-vallee-chevreuse.com\/#organization"},"potentialAction":[{"@type":"SearchAction","target":{"@type":"EntryPoint","urlTemplate":"https:\/\/www.gite-vallee-chevreuse.com\/?s={search_term_string}"},"query-input":{"@type":"PropertyValueSpecification","valueRequired":true,"valueName":"search_term_string"}}],"inLanguage":"en-US"},{"@type":"Organization","@id":"https:\/\/www.gite-vallee-chevreuse.com\/#organization","name":"G\u00eete in the Chevreuse valley","url":"https:\/\/www.gite-vallee-chevreuse.com\/","logo":{"@type":"ImageObject","inLanguage":"en-US","@id":"https:\/\/www.gite-vallee-chevreuse.com\/#\/schema\/logo\/image\/","url":"https:\/\/www.gite-vallee-chevreuse.com\/wp-content\/uploads\/2019\/11\/logo-header.webp","contentUrl":"https:\/\/www.gite-vallee-chevreuse.com\/wp-content\/uploads\/2019\/11\/logo-header.webp","width":192,"height":169,"caption":"G\u00eete en vall\u00e9e de Chevreuse"},"image":{"@id":"https:\/\/www.gite-vallee-chevreuse.com\/#\/schema\/logo\/image\/"}}]}},"_links":{"self":[{"href":"https:\/\/www.gite-vallee-chevreuse.com\/en\/wp-json\/wp\/v2\/pages\/938","targetHints":{"allow":["GET"]}}],"collection":[{"href":"https:\/\/www.gite-vallee-chevreuse.com\/en\/wp-json\/wp\/v2\/pages"}],"about":[{"href":"https:\/\/www.gite-vallee-chevreuse.com\/en\/wp-json\/wp\/v2\/types\/page"}],"author":[{"embeddable":true,"href":"https:\/\/www.gite-vallee-chevreuse.com\/en\/wp-json\/wp\/v2\/users\/1"}],"replies":[{"embeddable":true,"href":"https:\/\/www.gite-vallee-chevreuse.com\/en\/wp-json\/wp\/v2\/comments?post=938"}],"version-history":[{"count":0,"href":"https:\/\/www.gite-vallee-chevreuse.com\/en\/wp-json\/wp\/v2\/pages\/938\/revisions"}],"wp:attachment":[{"href":"https:\/\/www.gite-vallee-chevreuse.com\/en\/wp-json\/wp\/v2\/media?parent=938"}],"curies":[{"name":"wp","href":"https:\/\/api.w.org\/{rel}","templated":true}]}}