{"id":248,"date":"2019-11-13T16:02:08","date_gmt":"2019-11-13T15:02:08","guid":{"rendered":"https:\/\/gitechevreuse.france-webdesign.com\/?page_id=248"},"modified":"2021-08-20T14:07:07","modified_gmt":"2021-08-20T12:07:07","slug":"contact","status":"publish","type":"page","link":"https:\/\/www.gite-vallee-chevreuse.com\/en\/contact\/","title":{"rendered":"Contact"},"content":{"rendered":"<p>[et_pb_section fb_built=\"1\u2033 fullwidth=\"on \" admin_label=\"Header \" _builder_version=\"3.22\u2033 custom_padding=\"0px|0|0px|0px|false|false \" locked=\"off \"][et_pb_fullwidth_header title= \"Contact us! \" subhead= \"We'll get back to you as soon as possible \" text_orientation=\"center \" background_overlay_color=\"rgba(0,0,0,0.29) \" content_max_width=\"90% \" _builder_version=\"4.0.6\u2033 title_font=\"Parisienne|700||||||| \" title_text_align=\"center \" title_font_size=\"70px \" title_line_height=\"1.1em \" content_font=\"Raleway|||||||| \" content_font_size=\"18px \" content_line_height=\"2em \" subhead_font=\"Raleway|||||||| \" subhead_text_align=\"center \" subhead_font_size=\"25px \" subhead_line_height=\"2em \" background_color=\"#9d1716\u2033 background_image=\"https:\/\/www.gite-vallee-chevreuse.com\/wp-content\/uploads\/2019\/11\/Lolivier-vers-lexterieur-vue2.jpg \" parallax=\"on \" parallax_method=\"on \" custom_button_one=\"on \" button_one_text_size=\"17px \" button_one_text_color=\"#ffffff \" button_one_bg_color=\"#ff6b5a \" button_one_border_width=\"7px \" button_one_border_color=\"#ff6b5a \" button_one_border_radius=\"100px \" button_one_font=\"Noto Sans|700|||on||||| \" button_one_use_icon=\"off \" custom_margin=\"||| \" custom_padding=\"110px|110px||true \" custom_padding_tablet=\"100px||| \" custom_padding_phone= \" \" custom_padding_last_edited=\"on|phone \" animation_style=\"fade \" animation_direction=\"top \" title_font_size_tablet=\"40px \" title_font_size_phone= \" \" title_font_size_last_edited=\"on|tablet \" subhead_font_size_tablet= \" \" subhead_font_size_phone=\"20px \" subhead_font_size_last_edited=\"on|desktop \" subhead_line_height_tablet= \" \" subhead_line_height_phone=\"1.5em \" subhead_line_height_last_edited=\"on|phone \" button_one_text_color_hover=\"#ffffff\" button_one_border_color_hover=\"#ff9e59\u2033 button_one_border_radius_hover=\"100px \" button_one_bg_color_hover=\"#ff9e59\u2033 button_one_text_size__hover_enabled=\"off \" button_two_text_size__hover_enabled= \"off \" button_one_text_color__hover_enabled=\"on \" button_one_text_color__hover=\"#ffffff \" button_two_text_color__hover_enabled=\"off \" button_one_border_width__hover_enabled=\"off \" button_two_border_width__hover_enabled=\"off \" button_one_border_color__hover_enabled=\"on \" button_one_border_color__hover=\"#ff9e59\u2033 button_two_border_color__hover_enabled=\"off \" button_one_border_radius__hover_enabled=\"on \" button_one_border_radius__hover= \"100px \" button_two_border_radius__hover_enabled=\"off \" button_one_letter_spacing__hover_enabled=\"off \" button_two_letter_spacing__hover_enabled= \"off \" button_one_bg_color__hover_enabled=\"on \" button_one_bg_color__hover=\"#ff9e59\u2033 button_two_bg_color__hover_enabled=\"off \"][\/et_pb_fullwidth_header][\/et_pb_section][et_pb_section fb_built=\"1\u2033 custom_padding_last_edited=\"on|phone \" admin_label=\"Contact \" _builder_version=\"3.22\u2033 background_color=\"rgba(140,140,140,0) \" custom_padding=\"64px|0px|64px|0px|false|false \" custom_padding_tablet= \" \" custom_padding_phone=\"50px||50px||true \"][et_pb_row _builder_version=\"3.25\u2033 max_width=\"800px \" use_custom_width=\"on \" custom_width_px=\"800px \"][et_pb_column type=\"4_4\u2033 _builder_version=\"3.25\u2033 custom_padding=\"||| \" custom_padding__hover=\"||| \"][et_pb_contact_form use_spam_service=\"on \" recaptcha_list=\"Default|Default-0\u2033 email=\"gite-vallee-chevreuse@hotmail.com \" title=\"Contact form\" custom_message=\"Message from your website contact form||et_pb_line_break_holder||||et_pb_line_break_holder||Name: %%Name%%||et_pb_line_break_holder||Telephone: %%Telephone%%||et_pb_line_break_holder||Email: %%Email%%||et_pb_line_break_holder||||et_pb_line_break_holder||Message: ||et_pb_line_break_holder||%%Message%% \" success_message=\"Message sent. Thank you!\" submit_button_text=\"Send \" disabled_on=\"off|off|off \" module_id=\"et_pb_contact_form_0\u2033 _builder_version=\"4.9.10\u2033 form_field_background_color=\"#f7f7f7\u2033 title_level=\"h2\u2033 title_font=\"Noto Serif|700||||||| \" title_font_size=\"36px \" title_line_height=\"1.5em \" form_field_font=\"Noto Sans|||||||| \" form_field_font_size=\"17px \" custom_button=\"on \" button_text_size=\"16px \" button_text_color=\"#ffffff \" button_bg_color=\"#9D1716\u2033 button_border_width=\"3px \" button_border_color=\"#9d1716\u2033 button_border_radius=\"7px \" button_font=\"|300||on||||| \" button_use_icon= \"off \" hover_enabled=\"0\u2033 border_radii=\"on|3px|3px|3px|3px|3px \" form_background_color=\"#f7f7f7\u2033 button_text_color_hover=\"#ffffff \" button_bg_color_hover= \"#ff9e59\u2033 button_border_color_hover=\"#ff9e59\u2033 sticky_enabled=\"0\u2033][et_pb_contact_field field_id=\"Name\" field_title=\"Name\" _builder_version=\"4.4.7\u2033 border_color_all=\"#9d1716\u2033 button_text_size__hover_enabled=\"off \" button_one_text_size__hover_enabled=\"off \" button_two_text_size__hover_enabled=\"off \" button_text_color__hover_enabled=\"off \" button_one_text_color__hover_enabled=\"off \" button_two_text_color__hover_enabled= \"off \" button_border_width__hover_enabled=\"off \" button_one_border_width__hover_enabled=\"off \" button_two_border_width__hover_enabled=\"off \" button_border_color__hover_enabled=\"off \" button_one_border_color__hover_enabled=\"off \" button_two_border_color__hover_enabled= \"off \" button_border_radius__hover_enabled=\"off \" button_one_border_radius__hover_enabled=\"off \" button_two_border_radius__hover_enabled=\"off \" button_letter_spacing__hover_enabled=\"off \" button_one_letter_spacing__hover_enabled=\"off \" button_two_letter_spacing__hover_enabled= \"off \" button_bg_color__hover_enabled=\"off \" button_one_bg_color__hover_enabled=\"off \" button_two_bg_color__hover_enabled=\"off \"][\/et_pb_contact_field][et_pb_contact_field field_id=\"Telephone \" field_title=\"Telephone \" _builder_version=\"3.17.4\u2033 button_text_size__hover_enabled=\"off \" button_one_text_size__hover_enabled=\"off \" button_two_text_size__hover_enabled=\"off \" button_text_color__hover_enabled=\"off \" button_one_text_color__hover_enabled=\"off \" button_two_text_color__hover_enabled=\"off \" button_border_width__hover_enabled=\"off \" button_one_border_width__hover_enabled=\"off \" button_two_border_width__hover_enabled=\"off \" button_border_color__hover_enabled=\"off \" button_one_border_color__hover_enabled=\"off \" button_two_border_color__hover_enabled=\"off \" button_border_radius__hover_enabled=\"off \" button_one_border_radius__hover_enabled=\"off \" button_two_border_radius__hover_enabled=\"off \" button_letter_spacing__hover_enabled=\"off \" button_one_letter_spacing__hover_enabled=\"off \" button_two_letter_spacing__hover_enabled=\"off \" button_bg_color__hover_enabled=\"off \" button_one_bg_color__hover_enabled=\"off \" button_two_bg_color__hover_enabled=\"off \"][\/et_pb_contact_field][et_pb_contact_field field_id=\"Email\" field_title=\"Email\" field_type=\"email \" fullwidth_field=\"on \" _builder_version=\"3.17.4\u2033 button_text_size__hover_enabled=\"off \" button_one_text_size__hover_enabled=\"off \" button_two_text_size__hover_enabled=\"off \" button_text_color__hover_enabled=\"off \" button_one_text_color__hover_enabled=\"off \" button_two_text_color__hover_enabled=\"off \" button_border_width__hover_enabled=\"off \" button_one_border_width__hover_enabled=\"off \" button_two_border_width__hover_enabled=\"off \" button_border_color__hover_enabled=\"off \" button_one_border_color__hover_enabled=\"off \" button_two_border_color__hover_enabled=\"off \" button_border_radius__hover_enabled=\"off \" button_one_border_radius__hover_enabled=\"off \" button_two_border_radius__hover_enabled=\"off \" button_letter_spacing__hover_enabled=\"off \" button_one_letter_spacing__hover_enabled=\"off \" button_two_letter_spacing__hover_enabled=\"off \" button_bg_color__hover_enabled=\"off \" button_one_bg_color__hover_enabled=\"off \" button_two_bg_color__hover_enabled=\"off \"][\/et_pb_contact_field][et_pb_contact_field field_id=\"Message\" field_title=\"Message\" field_type=\"text\" fullwidth_field=\"on \" _builder_version=\"3.17.4\u2033 button_text_size__hover_enabled=\"off \" button_one_text_size__hover_enabled=\"off \" button_two_text_size__hover_enabled=\"off \" button_text_color__hover_enabled=\"off \" button_one_text_color__hover_enabled=\"off \" button_two_text_color__hover_enabled=\"off \" button_border_width__hover_enabled=\"off \" button_one_border_width__hover_enabled=\"off \" button_two_border_width__hover_enabled=\"off \" button_border_color__hover_enabled=\"off \" button_one_border_color__hover_enabled=\"off \" button_two_border_color__hover_enabled=\"off \" button_border_radius__hover_enabled=\"off \" button_one_border_radius__hover_enabled=\"off \" button_two_border_radius__hover_enabled=\"off \" button_letter_spacing__hover_enabled=\"off \" button_one_letter_spacing__hover_enabled=\"off \" button_two_letter_spacing__hover_enabled= \"off \" button_bg_color__hover_enabled=\"off \" button_one_bg_color__hover_enabled=\"off \" button_two_bg_color__hover_enabled=\"off \"][\/et_pb_contact_field][\/et_pb_contact_form][\/et_pb_column][\/et_pb_row][\/et_pb_section][et_pb_section fb_built=\"1\u2033 _builder_version=\"3.17.4\u2033 use_background_color_gradient=\"on \" background_color_gradient_start=\"rgba(12,12,12,0.47) \" background_color_gradient_end=\"rgba(255,255,255,0.95) \" background_color_gradient_direction=\"1deg \" background_color_gradient_end_position=\"93% \" background_color_gradient_overlays_image=\"on \" background_image=\"\/\/i0.wp.com\/gite-vallee-chevreuse.com\/wp-content\/uploads\/2019\/11\/chateau-madeleinepetit.jpg \" custom_padding=\"61px|0px|54px|0px|false|false \" global_module=\"374\u2033 saved_tabs=\"all \"][et_pb_row column_structure=\"1_2,1_2\u2033 _builder_version=\"3.25\u2033 module_alignment=\"center \" custom_margin=\"20px|| \" custom_padding=\"27px|||0px|false|false \"][et_pb_column type=\"1_2\u2033 _builder_version=\"3.25\u2033 background_color=\"#ffffff \" custom_padding=\"||| \" custom_padding__hover=\"||| \"][et_pb_testimonial author=\"Denis - 2019 via Booking \" portrait_url=\"\/\/i0.wp.com\/gite-vallee-chevreuse.com\/wp-content\/uploads\/2019\/11\/9.jpg \" quote_icon_background_color=\"#ffffff \" _builder_version=\"3.17.4\u2033 body_font=\"|||||||| \" background_color=\"#ffffff \"]<\/p>\n<div class=\"c-review-block__row\">\n<div class=\"c-review\">\n<div class=\"c-review__row\">\n<div class=\"c-review__row\">\n<p lang=\"fr\" class=\"c-review__inner c-review__inner--ltr\"><strong><span class=\"c-review__body\">A good place to relax and unwind between 2 days of work.<\/span><\/strong><\/p>\n<p lang=\"fr\" class=\"c-review__inner c-review__inner--ltr\"><span class=\"c-review__body\">Spacious, cosy. Very comfortable room, very good bedding. Bathroom spotless. Practical kitchenette. Pleasant, flower-filled garden. The owner's little cat won't hesitate to pay you a friendly visit.\u00a0<\/span><\/p>\n<\/div>\n<\/div>\n<\/div>\n<\/div>\n<p>[\/et_pb_testimonial][\/et_pb_column][et_pb_column type=\"1_2\u2033 _builder_version=\"3.25\u2033 background_color=\"#ffffff \" custom_padding=\"3%|3%|3%|3% \" custom_padding__hover=\"||| \"][et_pb_text _builder_version=\"4.4.7\u2033 custom_margin=\"-11px||-17px \" custom_padding=\"||1px \"]<\/p>\n<p><img loading=\"lazy\" decoding=\"async\" src=\"https:\/\/www.gite-vallee-chevreuse.com\/wp-content\/uploads\/2019\/11\/logo-header-2.png\" width=\"80\" height=\"70\" alt=\"\" class=\"wp-image-439 alignnone size-full\" \/>\u00a0 <img loading=\"lazy\" decoding=\"async\" src=\"https:\/\/www.gite-vallee-chevreuse.com\/wp-content\/uploads\/2019\/11\/46-google.png\" width=\"128\" height=\"59\" alt=\"\" class=\"wp-image-368 alignnone size-full\" srcset=\"https:\/\/www.gite-vallee-chevreuse.com\/wp-content\/uploads\/2019\/11\/46-google.png 356w, https:\/\/www.gite-vallee-chevreuse.com\/wp-content\/uploads\/2019\/11\/46-google-300x138.png 300w\" sizes=\"auto, (max-width: 128px) 100vw, 128px\" \/>\u00a0\u00a0<\/p>\n<p><b> G\u00eete en vall\u00e9e de Chevreuse - G\u00eete en Ile De France<br \/> <\/b><\/p>\n<p><span>Ana\u00efd and Loris<\/span><br \/> 32 rue de la Porte de Paris<br \/> 78460 Chevreuse<br \/><span>Tel:\u00a0 <strong>Loris<\/strong>: 0676656478\u00a0\u00a0<strong>Ana\u00efd<\/strong>: 0622193449<\/span><\/p>\n<p>\u00a0<a href=\"https:\/\/www.facebook.com\/G%C3%AEte-de-Chevreuse-2167410933489718\"><img loading=\"lazy\" decoding=\"async\" src=\"https:\/\/www.gite-vallee-chevreuse.com\/wp-content\/uploads\/2020\/05\/gite-de-chevreuse-facebook.jpg\" width=\"272\" height=\"107\" alt=\"\" class=\"wp-image-693 alignnone size-full\" srcset=\"https:\/\/www.gite-vallee-chevreuse.com\/wp-content\/uploads\/2020\/05\/gite-de-chevreuse-facebook.jpg 348w, https:\/\/www.gite-vallee-chevreuse.com\/wp-content\/uploads\/2020\/05\/gite-de-chevreuse-facebook-300x118.jpg 300w\" sizes=\"auto, (max-width: 272px) 100vw, 272px\" \/><\/a><span style=\"font-size: 14px;\">\u00a0<\/span><\/p>\n<p>[\/et_pb_text][\/et_pb_column][\/et_pb_row][\/et_pb_section]<\/p>","protected":false},"excerpt":{"rendered":"<p>A great place to relax and unwind between 2 days of work. Spacious, cosy. Very comfortable room, very good bedding. Bathroom spotless. Practical kitchenette. Pleasant, flower-filled garden. The owner's little cat won't hesitate to pay you a friendly visit [...].<\/p>","protected":false},"author":1,"featured_media":0,"parent":0,"menu_order":0,"comment_status":"closed","ping_status":"closed","template":"","meta":{"_et_pb_use_builder":"on","_et_pb_old_content":"","_et_gb_content_width":"","footnotes":""},"class_list":["post-248","page","type-page","status-publish","hentry"],"yoast_head":"<!-- This site is optimized with the Yoast SEO plugin v27.5 - https:\/\/yoast.com\/product\/yoast-seo-wordpress\/ -->\n<title>Contact - G\u00eete en vall\u00e9e de Chevreuse<\/title>\n<meta name=\"robots\" content=\"index, follow, max-snippet:-1, max-image-preview:large, max-video-preview:-1\" \/>\n<link rel=\"canonical\" href=\"https:\/\/www.gite-vallee-chevreuse.com\/en\/contact\/\" \/>\n<meta property=\"og:locale\" content=\"en_US\" \/>\n<meta property=\"og:type\" content=\"article\" \/>\n<meta property=\"og:title\" content=\"Contact - G\u00eete en vall\u00e9e de Chevreuse\" \/>\n<meta property=\"og:description\" content=\"Une bonne adresse de d\u00e9tente pour \u00eatre au calme et se reposer entre 2 journ\u00e9es de travail Spacieux, cosy. Chambre tr\u00e8s confortable, tres bonne literie. Salle de bain impecable. Kitchenette bien pratique. Jardin sympathique et bien fleuri. Le petit chat des propri\u00e9taire n&#039;h\u00e9sitera pas \u00e0 venir vous faire une petite visite tr\u00e8s amicale\u00a0 \u00a0 \u00a0\u00a0 [&hellip;]\" \/>\n<meta property=\"og:url\" content=\"https:\/\/www.gite-vallee-chevreuse.com\/en\/contact\/\" \/>\n<meta property=\"og:site_name\" content=\"G\u00eete en vall\u00e9e de Chevreuse\" \/>\n<meta property=\"article:modified_time\" content=\"2021-08-20T12:07:07+00:00\" \/>\n<meta property=\"og:image\" content=\"https:\/\/www.gite-vallee-chevreuse.com\/wp-content\/uploads\/2019\/11\/logo-header-2.png\" \/>\n<meta name=\"twitter:card\" content=\"summary_large_image\" \/>\n<meta name=\"twitter:label1\" content=\"Est. reading time\" \/>\n\t<meta name=\"twitter:data1\" content=\"8 minutes\" \/>\n<script type=\"application\/ld+json\" class=\"yoast-schema-graph\">{\"@context\":\"https:\\\/\\\/schema.org\",\"@graph\":[{\"@type\":\"WebPage\",\"@id\":\"https:\\\/\\\/www.gite-vallee-chevreuse.com\\\/contact\\\/\",\"url\":\"https:\\\/\\\/www.gite-vallee-chevreuse.com\\\/contact\\\/\",\"name\":\"Contact - G\u00eete en vall\u00e9e de Chevreuse\",\"isPartOf\":{\"@id\":\"https:\\\/\\\/www.gite-vallee-chevreuse.com\\\/#website\"},\"primaryImageOfPage\":{\"@id\":\"https:\\\/\\\/www.gite-vallee-chevreuse.com\\\/contact\\\/#primaryimage\"},\"image\":{\"@id\":\"https:\\\/\\\/www.gite-vallee-chevreuse.com\\\/contact\\\/#primaryimage\"},\"thumbnailUrl\":\"https:\\\/\\\/www.gite-vallee-chevreuse.com\\\/wp-content\\\/uploads\\\/2019\\\/11\\\/logo-header-2.png\",\"datePublished\":\"2019-11-13T15:02:08+00:00\",\"dateModified\":\"2021-08-20T12:07:07+00:00\",\"breadcrumb\":{\"@id\":\"https:\\\/\\\/www.gite-vallee-chevreuse.com\\\/contact\\\/#breadcrumb\"},\"inLanguage\":\"en-US\",\"potentialAction\":[{\"@type\":\"ReadAction\",\"target\":[\"https:\\\/\\\/www.gite-vallee-chevreuse.com\\\/contact\\\/\"]}]},{\"@type\":\"ImageObject\",\"inLanguage\":\"en-US\",\"@id\":\"https:\\\/\\\/www.gite-vallee-chevreuse.com\\\/contact\\\/#primaryimage\",\"url\":\"https:\\\/\\\/www.gite-vallee-chevreuse.com\\\/wp-content\\\/uploads\\\/2019\\\/11\\\/logo-header-2.png\",\"contentUrl\":\"https:\\\/\\\/www.gite-vallee-chevreuse.com\\\/wp-content\\\/uploads\\\/2019\\\/11\\\/logo-header-2.png\"},{\"@type\":\"BreadcrumbList\",\"@id\":\"https:\\\/\\\/www.gite-vallee-chevreuse.com\\\/contact\\\/#breadcrumb\",\"itemListElement\":[{\"@type\":\"ListItem\",\"position\":1,\"name\":\"Accueil\",\"item\":\"https:\\\/\\\/www.gite-vallee-chevreuse.com\\\/\"},{\"@type\":\"ListItem\",\"position\":2,\"name\":\"Contact\"}]},{\"@type\":\"WebSite\",\"@id\":\"https:\\\/\\\/www.gite-vallee-chevreuse.com\\\/#website\",\"url\":\"https:\\\/\\\/www.gite-vallee-chevreuse.com\\\/\",\"name\":\"G\u00eete en vall\u00e9e de Chevreuse\",\"description\":\"Gites chambre d&#039;hote en vall\u00e9e de Chevreuse\",\"publisher\":{\"@id\":\"https:\\\/\\\/www.gite-vallee-chevreuse.com\\\/#organization\"},\"potentialAction\":[{\"@type\":\"SearchAction\",\"target\":{\"@type\":\"EntryPoint\",\"urlTemplate\":\"https:\\\/\\\/www.gite-vallee-chevreuse.com\\\/?s={search_term_string}\"},\"query-input\":{\"@type\":\"PropertyValueSpecification\",\"valueRequired\":true,\"valueName\":\"search_term_string\"}}],\"inLanguage\":\"en-US\"},{\"@type\":\"Organization\",\"@id\":\"https:\\\/\\\/www.gite-vallee-chevreuse.com\\\/#organization\",\"name\":\"G\u00eete en vall\u00e9e de Chevreuse\",\"url\":\"https:\\\/\\\/www.gite-vallee-chevreuse.com\\\/\",\"logo\":{\"@type\":\"ImageObject\",\"inLanguage\":\"en-US\",\"@id\":\"https:\\\/\\\/www.gite-vallee-chevreuse.com\\\/#\\\/schema\\\/logo\\\/image\\\/\",\"url\":\"https:\\\/\\\/www.gite-vallee-chevreuse.com\\\/wp-content\\\/uploads\\\/2019\\\/11\\\/logo-header.webp\",\"contentUrl\":\"https:\\\/\\\/www.gite-vallee-chevreuse.com\\\/wp-content\\\/uploads\\\/2019\\\/11\\\/logo-header.webp\",\"width\":192,\"height\":169,\"caption\":\"G\u00eete en vall\u00e9e de Chevreuse\"},\"image\":{\"@id\":\"https:\\\/\\\/www.gite-vallee-chevreuse.com\\\/#\\\/schema\\\/logo\\\/image\\\/\"}}]}<\/script>\n<!-- \/ Yoast SEO plugin. -->","yoast_head_json":{"title":"Contact - G\u00eete en vall\u00e9e de Chevreuse","robots":{"index":"index","follow":"follow","max-snippet":"max-snippet:-1","max-image-preview":"max-image-preview:large","max-video-preview":"max-video-preview:-1"},"canonical":"https:\/\/www.gite-vallee-chevreuse.com\/en\/contact\/","og_locale":"en_US","og_type":"article","og_title":"Contact - G\u00eete en vall\u00e9e de Chevreuse","og_description":"Une bonne adresse de d\u00e9tente pour \u00eatre au calme et se reposer entre 2 journ\u00e9es de travail Spacieux, cosy. Chambre tr\u00e8s confortable, tres bonne literie. Salle de bain impecable. Kitchenette bien pratique. Jardin sympathique et bien fleuri. Le petit chat des propri\u00e9taire n'h\u00e9sitera pas \u00e0 venir vous faire une petite visite tr\u00e8s amicale\u00a0 \u00a0 \u00a0\u00a0 [&hellip;]","og_url":"https:\/\/www.gite-vallee-chevreuse.com\/en\/contact\/","og_site_name":"G\u00eete en vall\u00e9e de Chevreuse","article_modified_time":"2021-08-20T12:07:07+00:00","og_image":[{"url":"https:\/\/www.gite-vallee-chevreuse.com\/wp-content\/uploads\/2019\/11\/logo-header-2.png","type":"","width":"","height":""}],"twitter_card":"summary_large_image","twitter_misc":{"Est. reading time":"8 minutes"},"schema":{"@context":"https:\/\/schema.org","@graph":[{"@type":"WebPage","@id":"https:\/\/www.gite-vallee-chevreuse.com\/contact\/","url":"https:\/\/www.gite-vallee-chevreuse.com\/contact\/","name":"Contact - G\u00eete en vall\u00e9e de Chevreuse","isPartOf":{"@id":"https:\/\/www.gite-vallee-chevreuse.com\/#website"},"primaryImageOfPage":{"@id":"https:\/\/www.gite-vallee-chevreuse.com\/contact\/#primaryimage"},"image":{"@id":"https:\/\/www.gite-vallee-chevreuse.com\/contact\/#primaryimage"},"thumbnailUrl":"https:\/\/www.gite-vallee-chevreuse.com\/wp-content\/uploads\/2019\/11\/logo-header-2.png","datePublished":"2019-11-13T15:02:08+00:00","dateModified":"2021-08-20T12:07:07+00:00","breadcrumb":{"@id":"https:\/\/www.gite-vallee-chevreuse.com\/contact\/#breadcrumb"},"inLanguage":"en-US","potentialAction":[{"@type":"ReadAction","target":["https:\/\/www.gite-vallee-chevreuse.com\/contact\/"]}]},{"@type":"ImageObject","inLanguage":"en-US","@id":"https:\/\/www.gite-vallee-chevreuse.com\/contact\/#primaryimage","url":"https:\/\/www.gite-vallee-chevreuse.com\/wp-content\/uploads\/2019\/11\/logo-header-2.png","contentUrl":"https:\/\/www.gite-vallee-chevreuse.com\/wp-content\/uploads\/2019\/11\/logo-header-2.png"},{"@type":"BreadcrumbList","@id":"https:\/\/www.gite-vallee-chevreuse.com\/contact\/#breadcrumb","itemListElement":[{"@type":"ListItem","position":1,"name":"Accueil","item":"https:\/\/www.gite-vallee-chevreuse.com\/"},{"@type":"ListItem","position":2,"name":"Contact"}]},{"@type":"WebSite","@id":"https:\/\/www.gite-vallee-chevreuse.com\/#website","url":"https:\/\/www.gite-vallee-chevreuse.com\/","name":"G\u00eete in the Chevreuse valley","description":"Gites in the Chevreuse Valley","publisher":{"@id":"https:\/\/www.gite-vallee-chevreuse.com\/#organization"},"potentialAction":[{"@type":"SearchAction","target":{"@type":"EntryPoint","urlTemplate":"https:\/\/www.gite-vallee-chevreuse.com\/?s={search_term_string}"},"query-input":{"@type":"PropertyValueSpecification","valueRequired":true,"valueName":"search_term_string"}}],"inLanguage":"en-US"},{"@type":"Organization","@id":"https:\/\/www.gite-vallee-chevreuse.com\/#organization","name":"G\u00eete in the Chevreuse valley","url":"https:\/\/www.gite-vallee-chevreuse.com\/","logo":{"@type":"ImageObject","inLanguage":"en-US","@id":"https:\/\/www.gite-vallee-chevreuse.com\/#\/schema\/logo\/image\/","url":"https:\/\/www.gite-vallee-chevreuse.com\/wp-content\/uploads\/2019\/11\/logo-header.webp","contentUrl":"https:\/\/www.gite-vallee-chevreuse.com\/wp-content\/uploads\/2019\/11\/logo-header.webp","width":192,"height":169,"caption":"G\u00eete en vall\u00e9e de Chevreuse"},"image":{"@id":"https:\/\/www.gite-vallee-chevreuse.com\/#\/schema\/logo\/image\/"}}]}},"_links":{"self":[{"href":"https:\/\/www.gite-vallee-chevreuse.com\/en\/wp-json\/wp\/v2\/pages\/248","targetHints":{"allow":["GET"]}}],"collection":[{"href":"https:\/\/www.gite-vallee-chevreuse.com\/en\/wp-json\/wp\/v2\/pages"}],"about":[{"href":"https:\/\/www.gite-vallee-chevreuse.com\/en\/wp-json\/wp\/v2\/types\/page"}],"author":[{"embeddable":true,"href":"https:\/\/www.gite-vallee-chevreuse.com\/en\/wp-json\/wp\/v2\/users\/1"}],"replies":[{"embeddable":true,"href":"https:\/\/www.gite-vallee-chevreuse.com\/en\/wp-json\/wp\/v2\/comments?post=248"}],"version-history":[{"count":0,"href":"https:\/\/www.gite-vallee-chevreuse.com\/en\/wp-json\/wp\/v2\/pages\/248\/revisions"}],"wp:attachment":[{"href":"https:\/\/www.gite-vallee-chevreuse.com\/en\/wp-json\/wp\/v2\/media?parent=248"}],"curies":[{"name":"wp","href":"https:\/\/api.w.org\/{rel}","templated":true}]}}