{"id":229,"date":"2019-11-13T15:30:19","date_gmt":"2019-11-13T14:30:19","guid":{"rendered":"https:\/\/gitechevreuse.france-webdesign.com\/?page_id=229"},"modified":"2020-01-22T13:12:02","modified_gmt":"2020-01-22T12:12:02","slug":"access","status":"publish","type":"page","link":"https:\/\/www.gite-vallee-chevreuse.com\/en\/access\/","title":{"rendered":"Access"},"content":{"rendered":"<p>[et_pb_section fb_built=\"1\u2033 fullwidth=\"on \" admin_label=\"Header \" _builder_version=\"3.22\u2033 custom_padding=\"0px|0|0px|0px|false|false \" locked=\"off\"][et_pb_fullwidth_header title=\"Access\" subhead=\"How to get to the g\u00eetes \" text_orientation=\"center \" background_overlay_color=\"rgba(0,0,0,0.29) \" content_max_width=\"90% \" _builder_version=\"4.0.6\u2033 title_font=\"Parisienne|700||||||| \" title_text_align=\"center \" title_font_size=\"70px \" title_line_height=\"1.1em \" content_font=\"Raleway|||||||| \" content_font_size=\"18px \" content_line_height=\"2em \" subhead_font=\"Raleway|||||||| \" subhead_text_align=\"center \" subhead_font_size=\"25px \" subhead_line_height=\"2em \" background_color=\"rgba(157,23,22,0) \" background_image=\"https:\/\/www.gite-vallee-chevreuse.com\/wp-content\/uploads\/2019\/11\/20190413_140309.jpg \" parallax=\"on \" parallax_method=\"on \" custom_button_one=\"on \" button_one_text_size=\"17px \" button_one_text_color=\"#ffffff \" button_one_bg_color=\"#ff6b5a \" button_one_border_width=\"7px \" button_one_border_color=\"#ff6b5a \" button_one_border_radius=\"100px \" button_one_font=\"Noto Sans|700||on||||| \" button_one_use_icon=\"off \" custom_margin=\"||| \" custom_padding=\"110px|110px||true \" custom_padding_tablet= \"100px||| \" custom_padding_phone= \" \" custom_padding_last_edited= \"on|phone \" animation_style= \"fade \" animation_direction= \"top \" hover_enabled=\"0\u2033 title_font_size_tablet=\"40px \" title_font_size_phone= \" \" title_font_size_last_edited=\"on|tablet \" subhead_font_size_tablet= \" \" subhead_font_size_phone=\"20px \" subhead_font_size_last_edited=\"on|desktop \" subhead_line_height_tablet= \" \" subhead_line_height_phone=\"1.5em \" subhead_line_height_last_edited=\"on|phone \" button_one_text_color_hover=\"#ffffff\" button_one_border_color_hover=\"#ff9e59\u2033 button_one_border_radius_hover=\"100px \" button_one_bg_color_hover=\"#ff9e59\u2033 button_one_text_size__hover_enabled=\"off \" button_two_text_size__hover_enabled= \"off \" button_one_text_color__hover_enabled=\"on \" button_one_text_color__hover=\"#ffffff \" button_two_text_color__hover_enabled=\"off \" button_one_border_width__hover_enabled=\"off \" button_two_border_width__hover_enabled=\"off \" button_one_border_color__hover_enabled= \"on \" button_one_border_color__hover=\"#ff9e59\u2033 button_two_border_color__hover_enabled=\"off \" button_one_border_radius__hover_enabled=\"on \" button_one_border_radius__hover=\"100px \" button_two_border_radius__hover_enabled=\"off \" button_one_letter_spacing__hover_enabled= \"off \" button_two_letter_spacing__hover_enabled=\"off \" button_one_bg_color__hover_enabled=\"on \" button_one_bg_color__hover=\"#ff9e59\u2033 button_two_bg_color__hover_enabled=\"off \"][\/et_pb_fullwidth_header][\/et_pb_section][et_pb_section fb_built=\"1\u2033 _builder_version=\"3.22\u2033 background_color=\"rgba(223,218,212,0) \" custom_margin=\"|| \" custom_padding=\"54px|0px|54px|0px|true|false \" custom_css_main_element=\"z-index:999\u2033][et_pb_row column_structure=\"1_2,1_2\u2033 _builder_version=\"3.25\u2033 custom_padding=\"47px|0px|27px|0px|false|false \"][et_pb_column type=\"1_2\u2033 _builder_version=\"3.25\u2033 custom_padding=\"||| \" custom_padding__hover=\"||| \"][et_pb_code _builder_version=\"3.17.4\u2033]<iframe loading=\"lazy\" src=\"https:\/\/www.google.com\/maps\/embed?pb=!1m18!1m12!1m3!1d2632.904253688608!2d2.0465856156690427!3d48.707310979272904!2m3!1f0!2f0!3f0!3m2!1i1024!2i768!4f13.1!3m3!1m2!1s0x47e6802e9632d96d%3A0xb4c56e6f6ac66e2e!2s32%20Rue%20de%20la%20Porte%20de%20Paris%2C%2078460%20Chevreuse%2C%20France!5e0!3m2!1sfr!2sde!4v1573657238752!5m2!1sfr!2sde\" width=\"600\" height=\"450\" frameborder=\"0\" style=\"border:0;\" allowfullscreen=\"\"><\/iframe>[\/et_pb_code][\/et_pb_column][et_pb_column type=\"1_2\u2033 _builder_version=\"3.25\u2033 custom_padding=\"||| \" custom_padding__hover=\"||| \"][et_pb_text _builder_version=\"3.27.4\u2033 text_font=\"|||||||| \" text_font_size=\"16px \" header_font=\"|||||||| \" header_2_font=\"|||||||| \" header_2_font_size=\"35px \"]<\/p>\n<h2><b>Coming by car<\/b><\/h2>\n<p>From Paris by car:<br \/> - Exit the ring road at Porte de Saint Cloud, direction Pont de S\u00e8vres, then Chartres\/Orl\u00e9ans, N118. Exit at Saclay and at the Christ de Saclay roundabout take the Chevreuse\/Gif sur Yvette direction, then Saint R\u00e9my l\u00e8s Chevreuse. In downtown Saint R\u00e9my, at the small roundabout, take the 1st right towards Chevreuse.<br \/> - On the ring road, take the Rouen A13 towards Versailles, then Saint Quentin en Yvelines and Voisins le Bretonneux. In Voisins le Bretonneux, follow signs for Mus\u00e9e Port Royal D91 towards Dampierre. After the Mus\u00e9e Port Royal, go straight on to the roundabout in the direction of Chevreuse, cross the town center, pass the town hall and go straight on to 32 rue de la Porte de Paris.<\/p>\n<h2><b>Coming by Rer B<\/b><\/h2>\n<p>RER B terminus Saint R\u00e9my les Chevreuse. 2.5km from G\u00eetes de Chevreuse.<\/p>\n<h2><b>Coming by Bus<\/b><\/h2>\n<p>Bus 39,17 and stop at \"Buttes des vignes\".<\/p>\n<p>[\/et_pb_text][\/et_pb_column][\/et_pb_row][et_pb_row _builder_version=\"3.17.4\u2033 min_height=\"66px \" global_module=\"385\u2033 saved_tabs=\"all \"][et_pb_column type=\"4_4\u2033 _builder_version=\"3.25\u2033 custom_padding=\"||| \" custom_padding__hover=\"||| \"][et_pb_text _builder_version=\"3.27.4\u2033]<\/p>\n<p style=\"text-align: center;\"><img loading=\"lazy\" decoding=\"async\" src=\"https:\/\/www.gite-vallee-chevreuse.com\/wp-content\/uploads\/2019\/11\/sep-copy.png\" width=\"427\" height=\"5\" alt=\"\" class=\"wp-image-196 alignnone size-full\" srcset=\"https:\/\/www.gite-vallee-chevreuse.com\/wp-content\/uploads\/2019\/11\/sep-copy.png 957w, https:\/\/www.gite-vallee-chevreuse.com\/wp-content\/uploads\/2019\/11\/sep-copy-300x3.png 300w, https:\/\/www.gite-vallee-chevreuse.com\/wp-content\/uploads\/2019\/11\/sep-copy-768x9.png 768w\" sizes=\"auto, (max-width: 427px) 100vw, 427px\" \/><\/p>\n<p>[\/et_pb_text][\/et_pb_column][\/et_pb_row][et_pb_row column_structure=\"1_3,2_3\u2033 _builder_version=\"3.25\u2033][et_pb_column type=\"1_3\u2033 _builder_version=\"3.25\u2033 custom_padding=\"||| \" custom_padding__hover=\"||| \"][et_pb_image src= \"\/\/i0.wp.com\/gite-vallee-chevreuse.com\/wp-content\/uploads\/2019\/11\/20190820_161503-1.jpg\" align_tablet=\"center \" align_phone=\" \" align_last_edited=\"on|desktop \" _builder_version=\"3.23\u2033][\/et_pb_image][\/et_pb_column][et_pb_column type=\"2_3\u2033 _builder_version=\"3.25\u2033 custom_padding=\"||| \" custom_padding__hover=\"||| \"][et_pb_text _builder_version=\"3.27.4\u2033 text_font=\"|||||||| \" text_font_size=\"16px \" header_font=\"|||||||| \" header_2_font=\"|||||||| \" header_2_font_size=\"33px \"]<\/p>\n<h2><b>By foot From Rer B to the Chevreuse g\u00eete.<\/b><\/h2>\n<p><span><br \/>\n<strong>WALKING ENTHUSIASTS BEWARE! <\/strong><\/span><\/p>\n<p><span>You can discover one of the facets of the Haute Vall\u00e9e de Chevreuse as soon as you leave the RER station, for an exotic tour right up to the g\u00eete! It's a circuit of around 2.5 km - depending on your pace - during which you can admire the rich Chevreuse landscape.<\/span><\/p>\n<p><span>Leaving the RER B at Saint R\u00e9my l\u00e8s Chevreuse, follow the cycle path to the left towards Ferme de Coubertin. Once you've reached the farm, turn right into the street and when you reach the stream on the left-hand side, follow the \"Petits ponts\" path to the old wash-houses. <\/span><\/p>\n<p><span>There's no need to go all the way to the end, as 32 rue de la Porte de Paris is about halfway along this path. <\/span><\/p>\n<p><span>At one point you'll come to a small bridge over which a cul-de-sac leads to a few houses. At the end of this road you'll be on Rue de la Porte de Paris, and you're almost there.<\/span><\/p>\n<p><span> If you're coming to spend the weekend without a car, the regional nature park has set up the BALADOBUS, a minibus that makes the rounds of the various tourist sites.<br \/>\n(1st Mus\u00e9e National de Port Royal des Champs, 2nd Ch\u00e2teau de la Madeleine, 3rd Abbaye des Vaux de Cernay, 4th Ch\u00e2teau and garden of Breteuil, 5th RER B Saint R\u00e9my l\u00e8s Chevreuse) in the valley, this service is offered at \u20ac4 for the day and mainly on Sundays and public holidays.<\/span>[\/et_pb_text][\/et_pb_column][\/et_pb_row][\/et_pb_section][et_pb_section fb_built=\"1\u2033 _builder_version=\"3.17.4\u2033 use_background_color_gradient=\"on \" background_color_gradient_start=\"rgba(12,12,12,0.47) \" background_color_gradient_end=\"rgba(255,255,255,0.95) \" background_color_gradient_direction=\"1deg \" background_color_gradient_end_position=\"93% \" background_color_gradient_overlays_image=\"on \" background_image=\"\/\/i0.wp.com\/gite-vallee-chevreuse.com\/wp-content\/uploads\/2019\/11\/chateau-madeleinepetit.jpg \" custom_padding=\"61px|0px|54px|0px|false|false \" global_module=\"374\u2033 saved_tabs=\"all \"][et_pb_row column_structure=\"1_2,1_2\u2033 _builder_version=\"3.25\u2033 module_alignment=\"center \" custom_margin=\"20px|| \" custom_padding=\"27px|||0px|false|false \"][et_pb_column type=\"1_2\u2033 _builder_version=\"3.25\u2033 background_color=\"#ffffff \" custom_padding=\"||| \" custom_padding__hover=\"||| \"][et_pb_testimonial author=\"Denis - 2019 via Booking \" portrait_url=\"\/\/i0.wp.com\/gite-vallee-chevreuse.com\/wp-content\/uploads\/2019\/11\/9.jpg \" quote_icon_background_color=\"#ffffff \" _builder_version=\"3.17.4\u2033 body_font=\"|||||||| \" background_color=\"#ffffff \"]<\/p>\n<div class=\"c-review-block__row\">\n<div class=\"c-review\">\n<div class=\"c-review__row\">\n<div class=\"c-review__row\">\n<p lang=\"fr\" class=\"c-review__inner c-review__inner--ltr\"><strong><span class=\"c-review__body\">A good place to relax and unwind between 2 days of work.<\/span><\/strong><\/p>\n<p lang=\"fr\" class=\"c-review__inner c-review__inner--ltr\"><span class=\"c-review__body\">Spacious, cosy. Very comfortable room, very good bedding. Bathroom spotless. Practical kitchenette. Pleasant, flower-filled garden. The owner's little cat won't hesitate to pay you a friendly visit.\u00a0<\/span><\/p>\n<\/div>\n<\/div>\n<\/div>\n<\/div>\n<p>[\/et_pb_testimonial][\/et_pb_column][et_pb_column type=\"1_2\u2033 _builder_version=\"3.25\u2033 background_color=\"#ffffff \" custom_padding=\"3%|3%|3%|3% \" custom_padding__hover=\"||| \"][et_pb_text _builder_version=\"3.27.4\u2033 custom_margin=\"-11px||-17px \" custom_padding=\"||1px \"]<\/p>\n<p><img loading=\"lazy\" decoding=\"async\" src=\"https:\/\/www.gite-vallee-chevreuse.com\/wp-content\/uploads\/2019\/11\/logo-header-2.png\" width=\"80\" height=\"70\" alt=\"\" class=\"wp-image-439 alignnone size-full\" \/>\u00a0 <img loading=\"lazy\" decoding=\"async\" src=\"https:\/\/www.gite-vallee-chevreuse.com\/wp-content\/uploads\/2019\/11\/46-google.png\" width=\"128\" height=\"59\" alt=\"\" class=\"wp-image-368 alignnone size-full\" srcset=\"https:\/\/www.gite-vallee-chevreuse.com\/wp-content\/uploads\/2019\/11\/46-google.png 356w, https:\/\/www.gite-vallee-chevreuse.com\/wp-content\/uploads\/2019\/11\/46-google-300x138.png 300w\" sizes=\"auto, (max-width: 128px) 100vw, 128px\" \/>\u00a0\u00a0<img loading=\"lazy\" decoding=\"async\" src=\"https:\/\/www.gite-vallee-chevreuse.com\/wp-content\/uploads\/2019\/11\/Capture-d\u2019e\u0301cran-2019-11-14-a\u0300-13.02.52.jpg\" width=\"217\" height=\"61\" alt=\"\" class=\"wp-image-371 alignnone size-full\" srcset=\"https:\/\/www.gite-vallee-chevreuse.com\/wp-content\/uploads\/2019\/11\/Capture-d\u2019e\u0301cran-2019-11-14-a\u0300-13.02.52.jpg 392w, https:\/\/www.gite-vallee-chevreuse.com\/wp-content\/uploads\/2019\/11\/Capture-d\u2019e\u0301cran-2019-11-14-a\u0300-13.02.52-300x84.jpg 300w\" sizes=\"auto, (max-width: 217px) 100vw, 217px\" \/><\/p>\n<p><b><br \/>G\u00eete en vall\u00e9e de Chevreuse - G\u00eete en Ile De France<br \/><\/b><\/p>\n<p>Camel and C\u00e9line Sa\u00efdi<br \/> 32 rue de la Porte de Paris\u00a0\u00a0<br \/>78460 Chevreuse<br \/> T. 06 73 50 06 04<\/p>\n<p>[\/et_pb_text][\/et_pb_column][\/et_pb_row][\/et_pb_section]<\/p>","protected":false},"excerpt":{"rendered":"<p>From Paris by car: - Exit the ring road at Porte de Saint Cloud, direction Pont de S\u00e8vres, then Chartres\/Orl\u00e9ans, N118. Take the Saclay exit and, at the Christ de Saclay roundabout, head for Chevreuse\/Gif sur Yvette, then Saint R\u00e9my l\u00e8s Chevreuse. In the town center of [...]<\/p>","protected":false},"author":1,"featured_media":0,"parent":0,"menu_order":0,"comment_status":"closed","ping_status":"closed","template":"","meta":{"_et_pb_use_builder":"on","_et_pb_old_content":"","_et_gb_content_width":"","footnotes":""},"class_list":["post-229","page","type-page","status-publish","hentry"],"yoast_head":"<!-- This site is optimized with the Yoast SEO plugin v27.5 - https:\/\/yoast.com\/product\/yoast-seo-wordpress\/ -->\n<title>Acc\u00e8s - G\u00eete en vall\u00e9e de Chevreuse<\/title>\n<meta name=\"robots\" content=\"index, follow, max-snippet:-1, max-image-preview:large, max-video-preview:-1\" \/>\n<link rel=\"canonical\" href=\"https:\/\/www.gite-vallee-chevreuse.com\/en\/access\/\" \/>\n<meta property=\"og:locale\" content=\"en_US\" \/>\n<meta property=\"og:type\" content=\"article\" \/>\n<meta property=\"og:title\" content=\"Acc\u00e8s - G\u00eete en vall\u00e9e de Chevreuse\" \/>\n<meta property=\"og:description\" content=\"Venir en voiture De Paris en voiture : - Sortir du periph\u00e9rique par la porte de Saint cloud, direction pont de S\u00e8vres puis direction Chartres \/ Orl\u00e9ans nationale 118. Sortie Saclay et au rond point du Christ de Saclay prendre la direction Chevreuse\/Gif sur Yvette puis Saint R\u00e9my l\u00e8s Chevreuse. Dans le centre ville de [&hellip;]\" \/>\n<meta property=\"og:url\" content=\"https:\/\/www.gite-vallee-chevreuse.com\/en\/access\/\" \/>\n<meta property=\"og:site_name\" content=\"G\u00eete en vall\u00e9e de Chevreuse\" \/>\n<meta property=\"article:modified_time\" content=\"2020-01-22T12:12:02+00:00\" \/>\n<meta property=\"og:image\" content=\"https:\/\/www.gite-vallee-chevreuse.com\/wp-content\/uploads\/2019\/11\/sep-copy.png\" \/>\n<meta name=\"twitter:card\" content=\"summary_large_image\" \/>\n<meta name=\"twitter:label1\" content=\"Est. reading time\" \/>\n\t<meta name=\"twitter:data1\" content=\"7 minutes\" \/>\n<script type=\"application\/ld+json\" class=\"yoast-schema-graph\">{\"@context\":\"https:\\\/\\\/schema.org\",\"@graph\":[{\"@type\":\"WebPage\",\"@id\":\"https:\\\/\\\/www.gite-vallee-chevreuse.com\\\/acces\\\/\",\"url\":\"https:\\\/\\\/www.gite-vallee-chevreuse.com\\\/acces\\\/\",\"name\":\"Acc\u00e8s - G\u00eete en vall\u00e9e de Chevreuse\",\"isPartOf\":{\"@id\":\"https:\\\/\\\/www.gite-vallee-chevreuse.com\\\/#website\"},\"primaryImageOfPage\":{\"@id\":\"https:\\\/\\\/www.gite-vallee-chevreuse.com\\\/acces\\\/#primaryimage\"},\"image\":{\"@id\":\"https:\\\/\\\/www.gite-vallee-chevreuse.com\\\/acces\\\/#primaryimage\"},\"thumbnailUrl\":\"https:\\\/\\\/www.gite-vallee-chevreuse.com\\\/wp-content\\\/uploads\\\/2019\\\/11\\\/sep-copy.png\",\"datePublished\":\"2019-11-13T14:30:19+00:00\",\"dateModified\":\"2020-01-22T12:12:02+00:00\",\"breadcrumb\":{\"@id\":\"https:\\\/\\\/www.gite-vallee-chevreuse.com\\\/acces\\\/#breadcrumb\"},\"inLanguage\":\"en-US\",\"potentialAction\":[{\"@type\":\"ReadAction\",\"target\":[\"https:\\\/\\\/www.gite-vallee-chevreuse.com\\\/acces\\\/\"]}]},{\"@type\":\"ImageObject\",\"inLanguage\":\"en-US\",\"@id\":\"https:\\\/\\\/www.gite-vallee-chevreuse.com\\\/acces\\\/#primaryimage\",\"url\":\"https:\\\/\\\/www.gite-vallee-chevreuse.com\\\/wp-content\\\/uploads\\\/2019\\\/11\\\/sep-copy.png\",\"contentUrl\":\"https:\\\/\\\/www.gite-vallee-chevreuse.com\\\/wp-content\\\/uploads\\\/2019\\\/11\\\/sep-copy.png\"},{\"@type\":\"BreadcrumbList\",\"@id\":\"https:\\\/\\\/www.gite-vallee-chevreuse.com\\\/acces\\\/#breadcrumb\",\"itemListElement\":[{\"@type\":\"ListItem\",\"position\":1,\"name\":\"Accueil\",\"item\":\"https:\\\/\\\/www.gite-vallee-chevreuse.com\\\/\"},{\"@type\":\"ListItem\",\"position\":2,\"name\":\"Acc\u00e8s\"}]},{\"@type\":\"WebSite\",\"@id\":\"https:\\\/\\\/www.gite-vallee-chevreuse.com\\\/#website\",\"url\":\"https:\\\/\\\/www.gite-vallee-chevreuse.com\\\/\",\"name\":\"G\u00eete en vall\u00e9e de Chevreuse\",\"description\":\"Gites chambre d&#039;hote en vall\u00e9e de Chevreuse\",\"publisher\":{\"@id\":\"https:\\\/\\\/www.gite-vallee-chevreuse.com\\\/#organization\"},\"potentialAction\":[{\"@type\":\"SearchAction\",\"target\":{\"@type\":\"EntryPoint\",\"urlTemplate\":\"https:\\\/\\\/www.gite-vallee-chevreuse.com\\\/?s={search_term_string}\"},\"query-input\":{\"@type\":\"PropertyValueSpecification\",\"valueRequired\":true,\"valueName\":\"search_term_string\"}}],\"inLanguage\":\"en-US\"},{\"@type\":\"Organization\",\"@id\":\"https:\\\/\\\/www.gite-vallee-chevreuse.com\\\/#organization\",\"name\":\"G\u00eete en vall\u00e9e de Chevreuse\",\"url\":\"https:\\\/\\\/www.gite-vallee-chevreuse.com\\\/\",\"logo\":{\"@type\":\"ImageObject\",\"inLanguage\":\"en-US\",\"@id\":\"https:\\\/\\\/www.gite-vallee-chevreuse.com\\\/#\\\/schema\\\/logo\\\/image\\\/\",\"url\":\"https:\\\/\\\/www.gite-vallee-chevreuse.com\\\/wp-content\\\/uploads\\\/2019\\\/11\\\/logo-header.webp\",\"contentUrl\":\"https:\\\/\\\/www.gite-vallee-chevreuse.com\\\/wp-content\\\/uploads\\\/2019\\\/11\\\/logo-header.webp\",\"width\":192,\"height\":169,\"caption\":\"G\u00eete en vall\u00e9e de Chevreuse\"},\"image\":{\"@id\":\"https:\\\/\\\/www.gite-vallee-chevreuse.com\\\/#\\\/schema\\\/logo\\\/image\\\/\"}}]}<\/script>\n<!-- \/ Yoast SEO plugin. -->","yoast_head_json":{"title":"Access - G\u00eete in the Chevreuse Valley","robots":{"index":"index","follow":"follow","max-snippet":"max-snippet:-1","max-image-preview":"max-image-preview:large","max-video-preview":"max-video-preview:-1"},"canonical":"https:\/\/www.gite-vallee-chevreuse.com\/en\/access\/","og_locale":"en_US","og_type":"article","og_title":"Acc\u00e8s - G\u00eete en vall\u00e9e de Chevreuse","og_description":"Venir en voiture De Paris en voiture : - Sortir du periph\u00e9rique par la porte de Saint cloud, direction pont de S\u00e8vres puis direction Chartres \/ Orl\u00e9ans nationale 118. Sortie Saclay et au rond point du Christ de Saclay prendre la direction Chevreuse\/Gif sur Yvette puis Saint R\u00e9my l\u00e8s Chevreuse. Dans le centre ville de [&hellip;]","og_url":"https:\/\/www.gite-vallee-chevreuse.com\/en\/access\/","og_site_name":"G\u00eete en vall\u00e9e de Chevreuse","article_modified_time":"2020-01-22T12:12:02+00:00","og_image":[{"url":"https:\/\/www.gite-vallee-chevreuse.com\/wp-content\/uploads\/2019\/11\/sep-copy.png","type":"","width":"","height":""}],"twitter_card":"summary_large_image","twitter_misc":{"Est. reading time":"7 minutes"},"schema":{"@context":"https:\/\/schema.org","@graph":[{"@type":"WebPage","@id":"https:\/\/www.gite-vallee-chevreuse.com\/acces\/","url":"https:\/\/www.gite-vallee-chevreuse.com\/acces\/","name":"Access - G\u00eete in the Chevreuse Valley","isPartOf":{"@id":"https:\/\/www.gite-vallee-chevreuse.com\/#website"},"primaryImageOfPage":{"@id":"https:\/\/www.gite-vallee-chevreuse.com\/acces\/#primaryimage"},"image":{"@id":"https:\/\/www.gite-vallee-chevreuse.com\/acces\/#primaryimage"},"thumbnailUrl":"https:\/\/www.gite-vallee-chevreuse.com\/wp-content\/uploads\/2019\/11\/sep-copy.png","datePublished":"2019-11-13T14:30:19+00:00","dateModified":"2020-01-22T12:12:02+00:00","breadcrumb":{"@id":"https:\/\/www.gite-vallee-chevreuse.com\/acces\/#breadcrumb"},"inLanguage":"en-US","potentialAction":[{"@type":"ReadAction","target":["https:\/\/www.gite-vallee-chevreuse.com\/acces\/"]}]},{"@type":"ImageObject","inLanguage":"en-US","@id":"https:\/\/www.gite-vallee-chevreuse.com\/acces\/#primaryimage","url":"https:\/\/www.gite-vallee-chevreuse.com\/wp-content\/uploads\/2019\/11\/sep-copy.png","contentUrl":"https:\/\/www.gite-vallee-chevreuse.com\/wp-content\/uploads\/2019\/11\/sep-copy.png"},{"@type":"BreadcrumbList","@id":"https:\/\/www.gite-vallee-chevreuse.com\/acces\/#breadcrumb","itemListElement":[{"@type":"ListItem","position":1,"name":"Accueil","item":"https:\/\/www.gite-vallee-chevreuse.com\/"},{"@type":"ListItem","position":2,"name":"Acc\u00e8s"}]},{"@type":"WebSite","@id":"https:\/\/www.gite-vallee-chevreuse.com\/#website","url":"https:\/\/www.gite-vallee-chevreuse.com\/","name":"G\u00eete in the Chevreuse valley","description":"Gites in the Chevreuse Valley","publisher":{"@id":"https:\/\/www.gite-vallee-chevreuse.com\/#organization"},"potentialAction":[{"@type":"SearchAction","target":{"@type":"EntryPoint","urlTemplate":"https:\/\/www.gite-vallee-chevreuse.com\/?s={search_term_string}"},"query-input":{"@type":"PropertyValueSpecification","valueRequired":true,"valueName":"search_term_string"}}],"inLanguage":"en-US"},{"@type":"Organization","@id":"https:\/\/www.gite-vallee-chevreuse.com\/#organization","name":"G\u00eete in the Chevreuse valley","url":"https:\/\/www.gite-vallee-chevreuse.com\/","logo":{"@type":"ImageObject","inLanguage":"en-US","@id":"https:\/\/www.gite-vallee-chevreuse.com\/#\/schema\/logo\/image\/","url":"https:\/\/www.gite-vallee-chevreuse.com\/wp-content\/uploads\/2019\/11\/logo-header.webp","contentUrl":"https:\/\/www.gite-vallee-chevreuse.com\/wp-content\/uploads\/2019\/11\/logo-header.webp","width":192,"height":169,"caption":"G\u00eete en vall\u00e9e de Chevreuse"},"image":{"@id":"https:\/\/www.gite-vallee-chevreuse.com\/#\/schema\/logo\/image\/"}}]}},"_links":{"self":[{"href":"https:\/\/www.gite-vallee-chevreuse.com\/en\/wp-json\/wp\/v2\/pages\/229","targetHints":{"allow":["GET"]}}],"collection":[{"href":"https:\/\/www.gite-vallee-chevreuse.com\/en\/wp-json\/wp\/v2\/pages"}],"about":[{"href":"https:\/\/www.gite-vallee-chevreuse.com\/en\/wp-json\/wp\/v2\/types\/page"}],"author":[{"embeddable":true,"href":"https:\/\/www.gite-vallee-chevreuse.com\/en\/wp-json\/wp\/v2\/users\/1"}],"replies":[{"embeddable":true,"href":"https:\/\/www.gite-vallee-chevreuse.com\/en\/wp-json\/wp\/v2\/comments?post=229"}],"version-history":[{"count":0,"href":"https:\/\/www.gite-vallee-chevreuse.com\/en\/wp-json\/wp\/v2\/pages\/229\/revisions"}],"wp:attachment":[{"href":"https:\/\/www.gite-vallee-chevreuse.com\/en\/wp-json\/wp\/v2\/media?parent=229"}],"curies":[{"name":"wp","href":"https:\/\/api.w.org\/{rel}","templated":true}]}}